{"id":2,"date":"2016-05-10T03:48:21","date_gmt":"2016-05-10T03:48:21","guid":{"rendered":"https:\/\/hmcosta-consultores.pt\/?page_id=2"},"modified":"2022-12-22T08:45:14","modified_gmt":"2022-12-22T08:45:14","slug":"sample-page","status":"publish","type":"page","link":"https:\/\/hmcosta-consultores.pt\/","title":{"rendered":"Consultadoria em TIC"},"content":{"rendered":"<p>Especialistas em NFC, Bluetooth, WiFi, carregamento el\u00e9ctrico sem fios, protocolos e servi\u00e7os baseados na Internet<\/p>\n<blockquote>\n<p>\u00c1rea m\u00f3vel, autom\u00f3vel, IOT e outros<\/p>\n<\/blockquote>\n<p>Utiliza\u00e7\u00e3o em servi\u00e7os<\/p>\n<blockquote>\n<p>MMS, web m\u00f3vel, IOT, pagamentos electr\u00f3nicos, conectividade autom\u00f3vel e outros<\/p>\n<\/blockquote>\n<p>Contacte para mais detalhes <a href=\"mailto:info@hmcosta-consultores.pt\">info@hmcosta-consultores.pt<\/a><\/p>\n\n\n<p><\/p>\n","protected":false},"excerpt":{"rendered":"<p>Especialistas em NFC, Bluetooth, WiFi, carregamento el\u00e9ctrico sem fios, protocolos e servi\u00e7os baseados na Internet \u00c1rea m\u00f3vel, autom\u00f3vel, IOT e outros Utiliza\u00e7\u00e3o em servi\u00e7os MMS, web m\u00f3vel, IOT, pagamentos electr\u00f3nicos, conectividade autom\u00f3vel e outros Contacte para mais detalhes info@hmcosta-consultores.pt<\/p>\n","protected":false},"author":1,"featured_media":0,"parent":0,"menu_order":0,"comment_status":"closed","ping_status":"closed","template":"","meta":{"footnotes":""},"class_list":["post-2","page","type-page","status-publish","hentry"],"_links":{"self":[{"href":"https:\/\/hmcosta-consultores.pt\/index.php?rest_route=\/wp\/v2\/pages\/2","targetHints":{"allow":["GET"]}}],"collection":[{"href":"https:\/\/hmcosta-consultores.pt\/index.php?rest_route=\/wp\/v2\/pages"}],"about":[{"href":"https:\/\/hmcosta-consultores.pt\/index.php?rest_route=\/wp\/v2\/types\/page"}],"author":[{"embeddable":true,"href":"https:\/\/hmcosta-consultores.pt\/index.php?rest_route=\/wp\/v2\/users\/1"}],"replies":[{"embeddable":true,"href":"https:\/\/hmcosta-consultores.pt\/index.php?rest_route=%2Fwp%2Fv2%2Fcomments&post=2"}],"version-history":[{"count":6,"href":"https:\/\/hmcosta-consultores.pt\/index.php?rest_route=\/wp\/v2\/pages\/2\/revisions"}],"predecessor-version":[{"id":19,"href":"https:\/\/hmcosta-consultores.pt\/index.php?rest_route=\/wp\/v2\/pages\/2\/revisions\/19"}],"wp:attachment":[{"href":"https:\/\/hmcosta-consultores.pt\/index.php?rest_route=%2Fwp%2Fv2%2Fmedia&parent=2"}],"curies":[{"name":"wp","href":"https:\/\/api.w.org\/{rel}","templated":true}]}}